{"id":1696,"date":"2023-04-15T12:23:10","date_gmt":"2023-04-15T12:23:10","guid":{"rendered":"https:\/\/pruszkowski.tech\/index.php\/cart\/"},"modified":"2025-05-23T10:49:02","modified_gmt":"2025-05-23T10:49:02","slug":"przeglad-pomp-ciepla","status":"publish","type":"page","link":"https:\/\/pruszkowski.tech\/index.php\/przeglad-pomp-ciepla\/","title":{"rendered":"Przegl\u0105d pomp ciep\u0142a \u2013 gwarancja sprawno\u015bci i bezpiecze\u0144stwa systemu"},"content":{"rendered":"\t\t<div data-elementor-type=\"wp-page\" data-elementor-id=\"1696\" class=\"elementor elementor-1696\">\n\t\t\t\t\t\t<section class=\"elementor-section elementor-top-section elementor-element elementor-element-bef4f08 elementor-section-boxed elementor-section-height-default elementor-section-height-default\" data-id=\"bef4f08\" data-element_type=\"section\" data-e-type=\"section\">\n\t\t\t\t\t\t<div class=\"elementor-container elementor-column-gap-default\">\n\t\t\t\t\t<div class=\"elementor-column elementor-col-100 elementor-top-column elementor-element elementor-element-71981d3\" data-id=\"71981d3\" data-element_type=\"column\" data-e-type=\"column\">\n\t\t\t<div class=\"elementor-widget-wrap elementor-element-populated\">\n\t\t\t\t\t\t<div class=\"elementor-element elementor-element-343aa9b elementor-widget elementor-widget-text-editor\" data-id=\"343aa9b\" data-element_type=\"widget\" data-e-type=\"widget\" data-widget_type=\"text-editor.default\">\n\t\t\t\t<div class=\"elementor-widget-container\">\n\t\t\t\t\t\t\t\t\t<p>Masz pomp\u0119 ciep\u0142a? Zadbaj o jej sprawno\u015b\u0107, zanim pojawi si\u0119 problem.<br data-start=\"343\" data-end=\"346\" \/>Regularny przegl\u0105d pozwala unikn\u0105\u0107 spadku wydajno\u015bci, ha\u0142asu czy b\u0142\u0119d\u00f3w na sterowniku.<\/p>\t\t\t\t\t\t\t\t<\/div>\n\t\t\t\t<\/div>\n\t\t\t\t\t<\/div>\n\t\t<\/div>\n\t\t\t\t\t<\/div>\n\t\t<\/section>\n\t\t\t\t<section class=\"elementor-section elementor-top-section elementor-element elementor-element-bdfa653 elementor-section-boxed elementor-section-height-default elementor-section-height-default\" data-id=\"bdfa653\" data-element_type=\"section\" data-e-type=\"section\">\n\t\t\t\t\t\t\t<div class=\"elementor-background-overlay\"><\/div>\n\t\t\t\t\t\t\t<div class=\"elementor-container elementor-column-gap-default\">\n\t\t\t\t\t<div class=\"elementor-column elementor-col-100 elementor-top-column elementor-element elementor-element-2b762d7\" data-id=\"2b762d7\" data-element_type=\"column\" data-e-type=\"column\">\n\t\t\t<div class=\"elementor-widget-wrap elementor-element-populated\">\n\t\t\t\t\t\t<div class=\"elementor-element elementor-element-dcaef32 elementor-widget elementor-widget-heading\" data-id=\"dcaef32\" data-element_type=\"widget\" data-e-type=\"widget\" data-widget_type=\"heading.default\">\n\t\t\t\t<div class=\"elementor-widget-container\">\n\t\t\t\t\t<h2 class=\"elementor-heading-title elementor-size-default\">Przegl\u0105d pompy ciep\u0142a \u2013 zadbaj o sprawno\u015b\u0107 i spok\u00f3j na lata<\/h2>\t\t\t\t<\/div>\n\t\t\t\t<\/div>\n\t\t\t\t<div class=\"elementor-element elementor-element-11e9fbc elementor-widget elementor-widget-heading\" data-id=\"11e9fbc\" data-element_type=\"widget\" data-e-type=\"widget\" data-widget_type=\"heading.default\">\n\t\t\t\t<div class=\"elementor-widget-container\">\n\t\t\t\t\t<h4 class=\"elementor-heading-title elementor-size-default\">Czy Twoja pompa ciep\u0142a dzia\u0142a bez zarzutu?<\/h4>\t\t\t\t<\/div>\n\t\t\t\t<\/div>\n\t\t\t\t<div class=\"elementor-element elementor-element-c6e0721 elementor-widget elementor-widget-text-editor\" data-id=\"c6e0721\" data-element_type=\"widget\" data-e-type=\"widget\" data-widget_type=\"text-editor.default\">\n\t\t\t\t<div class=\"elementor-widget-container\">\n\t\t\t\t\t\t\t\t\t<p class=\"\" data-start=\"445\" data-end=\"738\">\u015awietnie \u2013 i w\u0142a\u015bnie dlatego warto, by tak zosta\u0142o.<br data-start=\"390\" data-end=\"393\" \/>Regularny przegl\u0105d techniczny to najlepszy spos\u00f3b, by unikn\u0105\u0107 kosztownych awarii i nieprzyjemnych niespodzianek.<\/p>\t\t\t\t\t\t\t\t<\/div>\n\t\t\t\t<\/div>\n\t\t\t\t<div class=\"elementor-element elementor-element-0019b5a elementor-widget elementor-widget-heading\" data-id=\"0019b5a\" data-element_type=\"widget\" data-e-type=\"widget\" data-widget_type=\"heading.default\">\n\t\t\t\t<div class=\"elementor-widget-container\">\n\t\t\t\t\t<h4 class=\"elementor-heading-title elementor-size-default\">Dlaczego warto robi\u0107 przegl\u0105dy pomp ciep\u0142a?<\/h4>\t\t\t\t<\/div>\n\t\t\t\t<\/div>\n\t\t\t\t<div class=\"elementor-element elementor-element-831a688 elementor-widget elementor-widget-text-editor\" data-id=\"831a688\" data-element_type=\"widget\" data-e-type=\"widget\" data-widget_type=\"text-editor.default\">\n\t\t\t\t<div class=\"elementor-widget-container\">\n\t\t\t\t\t\t\t\t\t<p class=\"\" data-start=\"445\" data-end=\"738\">\u2705 <strong data-start=\"567\" data-end=\"604\">Wcze\u015bnie wykrywasz drobne usterki<\/strong> \u2013 zanim przerodz\u0105 si\u0119 w powa\u017cny i kosztowny problem<br data-start=\"656\" data-end=\"659\" \/>\u2705 <strong data-start=\"661\" data-end=\"706\">Zapewniasz najwy\u017csz\u0105 sprawno\u015b\u0107 urz\u0105dzenia<\/strong> \u2013 pompa zu\u017cywa mniej energii i grzeje efektywniej<br data-start=\"756\" data-end=\"759\" \/>\u2705 <strong data-start=\"761\" data-end=\"794\">Chronisz gwarancj\u0119 producenta<\/strong> \u2013 wielu producent\u00f3w wymaga corocznego serwisu<br data-start=\"840\" data-end=\"843\" \/>\u2705 <strong data-start=\"845\" data-end=\"877\">Zwi\u0119kszasz \u017cywotno\u015b\u0107 systemu<\/strong> \u2013 dobrze utrzymana pompa ciep\u0142a pracuje nawet 20 lat i d\u0142u\u017cej<br data-start=\"939\" data-end=\"942\" \/>\u2705 <strong data-start=\"944\" data-end=\"985\">Unikasz przerw w dzia\u0142aniu ogrzewania<\/strong> \u2013 nikt nie chce niespodzianki zim\u0105<\/p>\t\t\t\t\t\t\t\t<\/div>\n\t\t\t\t<\/div>\n\t\t\t\t<div class=\"elementor-element elementor-element-1329eb2 elementor-widget elementor-widget-heading\" data-id=\"1329eb2\" data-element_type=\"widget\" data-e-type=\"widget\" data-widget_type=\"heading.default\">\n\t\t\t\t<div class=\"elementor-widget-container\">\n\t\t\t\t\t<h4 class=\"elementor-heading-title elementor-size-default\">Co obejmuje przegl\u0105d pompy ciep\u0142a?<\/h4>\t\t\t\t<\/div>\n\t\t\t\t<\/div>\n\t\t\t\t<div class=\"elementor-element elementor-element-db91209 elementor-widget elementor-widget-text-editor\" data-id=\"db91209\" data-element_type=\"widget\" data-e-type=\"widget\" data-widget_type=\"text-editor.default\">\n\t\t\t\t<div class=\"elementor-widget-container\">\n\t\t\t\t\t\t\t\t\t<p class=\"\" data-start=\"445\" data-end=\"738\">\ud83d\udee0 Sprawdzenie wszystkich parametr\u00f3w pracy urz\u0105dzenia<br data-start=\"1120\" data-end=\"1123\" \/>\ud83d\udca8 Kontrola czysto\u015bci wymiennik\u00f3w ciep\u0142a i uk\u0142ad\u00f3w wentylacji<br data-start=\"1184\" data-end=\"1187\" \/>\u2699\ufe0f Przegl\u0105d instalacji hydraulicznej i elektrycznej<br data-start=\"1238\" data-end=\"1241\" \/>\ud83e\uddea Kontrola ci\u015bnienia i szczelno\u015bci w uk\u0142adzie<br data-start=\"1287\" data-end=\"1290\" \/>\ud83d\udd0d Diagnostyka b\u0142\u0119d\u00f3w i stanu sterownika<br data-start=\"1330\" data-end=\"1333\" \/>\ud83d\udccb Rekomendacje dotycz\u0105ce dalszej eksploatacji<\/p>\t\t\t\t\t\t\t\t<\/div>\n\t\t\t\t<\/div>\n\t\t\t\t<div class=\"elementor-element elementor-element-d9ef602 elementor-widget elementor-widget-heading\" data-id=\"d9ef602\" data-element_type=\"widget\" data-e-type=\"widget\" data-widget_type=\"heading.default\">\n\t\t\t\t<div class=\"elementor-widget-container\">\n\t\t\t\t\t<h4 class=\"elementor-heading-title elementor-size-default\">Kiedy najlepiej zrobi\u0107 przegl\u0105d?<\/h4>\t\t\t\t<\/div>\n\t\t\t\t<\/div>\n\t\t\t\t<div class=\"elementor-element elementor-element-275fe64 elementor-widget elementor-widget-text-editor\" data-id=\"275fe64\" data-element_type=\"widget\" data-e-type=\"widget\" data-widget_type=\"text-editor.default\">\n\t\t\t\t<div class=\"elementor-widget-container\">\n\t\t\t\t\t\t\t\t\t<p data-start=\"445\" data-end=\"738\">Najlepiej <strong data-start=\"1434\" data-end=\"1448\">raz w roku<\/strong>, najlepiej <strong data-start=\"1460\" data-end=\"1487\">przed sezonem grzewczym<\/strong> \u2013 np. p\u00f3\u017anym latem lub wczesn\u0105 jesieni\u0105.<br data-start=\"1528\" data-end=\"1531\" \/>Dzi\u0119ki temu masz pewno\u015b\u0107, \u017ce pompa b\u0119dzie gotowa na pe\u0142ne obci\u0105\u017cenie w ch\u0142odniejsze miesi\u0105ce.<\/p>\t\t\t\t\t\t\t\t<\/div>\n\t\t\t\t<\/div>\n\t\t\t\t\t<\/div>\n\t\t<\/div>\n\t\t\t\t\t<\/div>\n\t\t<\/section>\n\t\t\t\t<section class=\"elementor-section elementor-top-section elementor-element elementor-element-caeb105 elementor-section-full_width elementor-section-stretched elementor-section-height-default elementor-section-height-default\" data-id=\"caeb105\" data-element_type=\"section\" data-e-type=\"section\" data-settings=\"{&quot;stretch_section&quot;:&quot;section-stretched&quot;}\">\n\t\t\t\t\t\t<div class=\"elementor-container elementor-column-gap-no\">\n\t\t\t\t\t<div class=\"elementor-column elementor-col-100 elementor-top-column elementor-element elementor-element-6b17dec\" data-id=\"6b17dec\" data-element_type=\"column\" data-e-type=\"column\">\n\t\t\t<div class=\"elementor-widget-wrap elementor-element-populated\">\n\t\t\t\t\t\t<section class=\"elementor-section elementor-inner-section elementor-element elementor-element-b2d4564 elementor-section-boxed elementor-section-height-default elementor-section-height-default\" data-id=\"b2d4564\" data-element_type=\"section\" data-e-type=\"section\" data-settings=\"{&quot;background_background&quot;:&quot;gradient&quot;}\">\n\t\t\t\t\t\t<div class=\"elementor-container elementor-column-gap-no\">\n\t\t\t\t\t<div class=\"elementor-column elementor-col-100 elementor-inner-column elementor-element elementor-element-eda520e\" data-id=\"eda520e\" data-element_type=\"column\" data-e-type=\"column\">\n\t\t\t<div class=\"elementor-widget-wrap elementor-element-populated\">\n\t\t\t\t\t\t<div class=\"elementor-element elementor-element-1a2c1e8 elementor-widget__width-initial elementor-widget elementor-widget-heading\" data-id=\"1a2c1e8\" data-element_type=\"widget\" data-e-type=\"widget\" data-widget_type=\"heading.default\">\n\t\t\t\t<div class=\"elementor-widget-container\">\n\t\t\t\t\t<h2 class=\"elementor-heading-title elementor-size-default\">Szukasz sposobu, by Twoja pompa ciep\u0142a dzia\u0142a\u0142a lepiej i d\u0142u\u017cej?<\/h2>\t\t\t\t<\/div>\n\t\t\t\t<\/div>\n\t\t\t\t<div class=\"elementor-element elementor-element-ddb4ee5 elementor-widget elementor-widget-text-editor\" data-id=\"ddb4ee5\" data-element_type=\"widget\" data-e-type=\"widget\" data-widget_type=\"text-editor.default\">\n\t\t\t\t<div class=\"elementor-widget-container\">\n\t\t\t\t\t\t\t\t\t<p>Regularny przegl\u0105d pompy ciep\u0142a to prosty spos\u00f3b, by unikn\u0105\u0107 awarii i zapewni\u0107 sobie ciep\u0142o bez niespodzianek.<\/p><p>Zadzwo\u0144, napisz albo po prostu zostaw kontakt.<br \/>Zrobimy analiz\u0119, doradzimy i zaproponujemy realne rozwi\u0105zanie \u2013 bez presji, bez \u015bciemy.<\/p>\t\t\t\t\t\t\t\t<\/div>\n\t\t\t\t<\/div>\n\t\t\t\t<div class=\"elementor-element elementor-element-21266bc elementor-widget elementor-widget-eael-creative-button\" data-id=\"21266bc\" data-element_type=\"widget\" data-e-type=\"widget\" data-widget_type=\"eael-creative-button.default\">\n\t\t\t\t<div class=\"elementor-widget-container\">\n\t\t\t\t\t        <div class=\"eael-creative-button-wrapper\">\n\n            <a class=\"eael-creative-button eael-creative-button--default\" href=\"tel:500175812\" data-text=\"\">\n            \t    \n                <div class=\"creative-button-inner\">\n\n                    \n                    <span class=\"cretive-button-text\">Zadzwo\u0144: 500 175 812<\/span>\n\n                                    <\/div>\n\t                        <\/a>\n        <\/div>\n        \t\t\t\t<\/div>\n\t\t\t\t<\/div>\n\t\t\t\t\t<\/div>\n\t\t<\/div>\n\t\t\t\t\t<\/div>\n\t\t<\/section>\n\t\t\t\t\t<\/div>\n\t\t<\/div>\n\t\t\t\t\t<\/div>\n\t\t<\/section>\n\t\t\t\t<\/div>\n\t\t","protected":false},"excerpt":{"rendered":"<p>Masz pomp\u0119 ciep\u0142a? Zadbaj o jej sprawno\u015b\u0107, zanim pojawi si\u0119 problem.Regularny przegl\u0105d pozwala unikn\u0105\u0107 spadku wydajno\u015bci, ha\u0142asu czy b\u0142\u0119d\u00f3w na sterowniku. Przegl\u0105d pompy ciep\u0142a \u2013 zadbaj o sprawno\u015b\u0107 i spok\u00f3j na lata Czy Twoja pompa ciep\u0142a dzia\u0142a bez zarzutu? \u015awietnie \u2013 i w\u0142a\u015bnie dlatego warto, by tak zosta\u0142o.Regularny przegl\u0105d techniczny to najlepszy spos\u00f3b, by unikn\u0105\u0107 [&hellip;]<\/p>\n","protected":false},"author":1,"featured_media":0,"parent":0,"menu_order":0,"comment_status":"closed","ping_status":"closed","template":"","meta":{"site-sidebar-layout":"no-sidebar","site-content-layout":"page-builder","ast-site-content-layout":"default","site-content-style":"default","site-sidebar-style":"default","ast-global-header-display":"","ast-banner-title-visibility":"","ast-main-header-display":"","ast-hfb-above-header-display":"","ast-hfb-below-header-display":"","ast-hfb-mobile-header-display":"","site-post-title":"disabled","ast-breadcrumbs-content":"","ast-featured-img":"disabled","footer-sml-layout":"","ast-disable-related-posts":"","theme-transparent-header-meta":"","adv-header-id-meta":"","stick-header-meta":"","header-above-stick-meta":"","header-main-stick-meta":"","header-below-stick-meta":"","astra-migrate-meta-layouts":"default","ast-page-background-enabled":"default","ast-page-background-meta":{"desktop":{"background-color":"var(--ast-global-color-4)","background-image":"","background-repeat":"repeat","background-position":"center center","background-size":"auto","background-attachment":"scroll","background-type":"","background-media":"","overlay-type":"","overlay-color":"","overlay-opacity":"","overlay-gradient":""},"tablet":{"background-color":"","background-image":"","background-repeat":"repeat","background-position":"center center","background-size":"auto","background-attachment":"scroll","background-type":"","background-media":"","overlay-type":"","overlay-color":"","overlay-opacity":"","overlay-gradient":""},"mobile":{"background-color":"","background-image":"","background-repeat":"repeat","background-position":"center center","background-size":"auto","background-attachment":"scroll","background-type":"","background-media":"","overlay-type":"","overlay-color":"","overlay-opacity":"","overlay-gradient":""}},"ast-content-background-meta":{"desktop":{"background-color":"var(--ast-global-color-5)","background-image":"","background-repeat":"repeat","background-position":"center center","background-size":"auto","background-attachment":"scroll","background-type":"","background-media":"","overlay-type":"","overlay-color":"","overlay-opacity":"","overlay-gradient":""},"tablet":{"background-color":"var(--ast-global-color-5)","background-image":"","background-repeat":"repeat","background-position":"center center","background-size":"auto","background-attachment":"scroll","background-type":"","background-media":"","overlay-type":"","overlay-color":"","overlay-opacity":"","overlay-gradient":""},"mobile":{"background-color":"var(--ast-global-color-5)","background-image":"","background-repeat":"repeat","background-position":"center center","background-size":"auto","background-attachment":"scroll","background-type":"","background-media":"","overlay-type":"","overlay-color":"","overlay-opacity":"","overlay-gradient":""}},"footnotes":""},"class_list":["post-1696","page","type-page","status-publish","hentry"],"yoast_head":"<!-- This site is optimized with the Yoast SEO plugin v27.0 - https:\/\/yoast.com\/product\/yoast-seo-wordpress\/ -->\n<title>Przegl\u0105d pomp ciep\u0142a \u2013 gwarancja sprawno\u015bci i bezpiecze\u0144stwa systemu - Pompy Ciep\u0142a | Gruntowe i powietrzne | Konrad Pruszkowski<\/title>\n<meta name=\"description\" content=\"Przegl\u0105d pompy ciep\u0142a w Warszawie i okolicach. Sprawd\u017a sprawno\u015b\u0107 swojego systemu grzewczego \u2013 szybka diagnoza, profesjonalna obs\u0142uga.\" \/>\n<meta name=\"robots\" content=\"index, follow, max-snippet:-1, max-image-preview:large, max-video-preview:-1\" \/>\n<link rel=\"canonical\" href=\"https:\/\/pruszkowski.tech\/index.php\/przeglad-pomp-ciepla\/\" \/>\n<meta property=\"og:locale\" content=\"pl_PL\" \/>\n<meta property=\"og:type\" content=\"article\" \/>\n<meta property=\"og:title\" content=\"Przegl\u0105d pomp ciep\u0142a \u2013 gwarancja sprawno\u015bci i bezpiecze\u0144stwa systemu - Pompy Ciep\u0142a | Gruntowe i powietrzne | Konrad Pruszkowski\" \/>\n<meta property=\"og:description\" content=\"Przegl\u0105d pompy ciep\u0142a w Warszawie i okolicach. Sprawd\u017a sprawno\u015b\u0107 swojego systemu grzewczego \u2013 szybka diagnoza, profesjonalna obs\u0142uga.\" \/>\n<meta property=\"og:url\" content=\"https:\/\/pruszkowski.tech\/index.php\/przeglad-pomp-ciepla\/\" \/>\n<meta property=\"og:site_name\" content=\"Pompy Ciep\u0142a | Gruntowe i powietrzne | Konrad Pruszkowski\" \/>\n<meta property=\"article:publisher\" content=\"https:\/\/www.facebook.com\/KonecoPompyCieplaiKlimatyzacja\" \/>\n<meta property=\"article:modified_time\" content=\"2025-05-23T10:49:02+00:00\" \/>\n<meta name=\"twitter:card\" content=\"summary_large_image\" \/>\n<meta name=\"twitter:label1\" content=\"Szacowany czas czytania\" \/>\n\t<meta name=\"twitter:data1\" content=\"2 minuty\" \/>\n<script type=\"application\/ld+json\" class=\"yoast-schema-graph\">{\"@context\":\"https:\/\/schema.org\",\"@graph\":[{\"@type\":\"WebPage\",\"@id\":\"https:\/\/pruszkowski.tech\/index.php\/przeglad-pomp-ciepla\/\",\"url\":\"https:\/\/pruszkowski.tech\/index.php\/przeglad-pomp-ciepla\/\",\"name\":\"Przegl\u0105d pomp ciep\u0142a \u2013 gwarancja sprawno\u015bci i bezpiecze\u0144stwa systemu - Pompy Ciep\u0142a | Gruntowe i powietrzne | Konrad Pruszkowski\",\"isPartOf\":{\"@id\":\"https:\/\/pruszkowski.tech\/#website\"},\"datePublished\":\"2023-04-15T12:23:10+00:00\",\"dateModified\":\"2025-05-23T10:49:02+00:00\",\"description\":\"Przegl\u0105d pompy ciep\u0142a w Warszawie i okolicach. Sprawd\u017a sprawno\u015b\u0107 swojego systemu grzewczego \u2013 szybka diagnoza, profesjonalna obs\u0142uga.\",\"breadcrumb\":{\"@id\":\"https:\/\/pruszkowski.tech\/index.php\/przeglad-pomp-ciepla\/#breadcrumb\"},\"inLanguage\":\"pl-PL\",\"potentialAction\":[{\"@type\":\"ReadAction\",\"target\":[\"https:\/\/pruszkowski.tech\/index.php\/przeglad-pomp-ciepla\/\"]}]},{\"@type\":\"BreadcrumbList\",\"@id\":\"https:\/\/pruszkowski.tech\/index.php\/przeglad-pomp-ciepla\/#breadcrumb\",\"itemListElement\":[{\"@type\":\"ListItem\",\"position\":1,\"name\":\"Strona g\u0142\u00f3wna\",\"item\":\"https:\/\/pruszkowski.tech\/\"},{\"@type\":\"ListItem\",\"position\":2,\"name\":\"Przegl\u0105d Pomp Ciep\u0142a\"}]},{\"@type\":\"WebSite\",\"@id\":\"https:\/\/pruszkowski.tech\/#website\",\"url\":\"https:\/\/pruszkowski.tech\/\",\"name\":\"Pompy Ciep\u0142a | Gruntowe i powietrzne | Konrad Pruszkowski\",\"description\":\"www.pruszkowski.tech\",\"publisher\":{\"@id\":\"https:\/\/pruszkowski.tech\/#organization\"},\"potentialAction\":[{\"@type\":\"SearchAction\",\"target\":{\"@type\":\"EntryPoint\",\"urlTemplate\":\"https:\/\/pruszkowski.tech\/?s={search_term_string}\"},\"query-input\":{\"@type\":\"PropertyValueSpecification\",\"valueRequired\":true,\"valueName\":\"search_term_string\"}}],\"inLanguage\":\"pl-PL\"},{\"@type\":\"Organization\",\"@id\":\"https:\/\/pruszkowski.tech\/#organization\",\"name\":\"Konrad Pruszkowski\",\"url\":\"https:\/\/pruszkowski.tech\/\",\"logo\":{\"@type\":\"ImageObject\",\"inLanguage\":\"pl-PL\",\"@id\":\"https:\/\/pruszkowski.tech\/#\/schema\/logo\/image\/\",\"url\":\"https:\/\/pruszkowski.tech\/wp-content\/uploads\/2023\/03\/new-1.png\",\"contentUrl\":\"https:\/\/pruszkowski.tech\/wp-content\/uploads\/2023\/03\/new-1.png\",\"width\":1293,\"height\":301,\"caption\":\"Konrad Pruszkowski\"},\"image\":{\"@id\":\"https:\/\/pruszkowski.tech\/#\/schema\/logo\/image\/\"},\"sameAs\":[\"https:\/\/www.facebook.com\/KonecoPompyCieplaiKlimatyzacja\"]}]}<\/script>\n<!-- \/ Yoast SEO plugin. -->","yoast_head_json":{"title":"Przegl\u0105d pomp ciep\u0142a \u2013 gwarancja sprawno\u015bci i bezpiecze\u0144stwa systemu - Pompy Ciep\u0142a | Gruntowe i powietrzne | Konrad Pruszkowski","description":"Przegl\u0105d pompy ciep\u0142a w Warszawie i okolicach. Sprawd\u017a sprawno\u015b\u0107 swojego systemu grzewczego \u2013 szybka diagnoza, profesjonalna obs\u0142uga.","robots":{"index":"index","follow":"follow","max-snippet":"max-snippet:-1","max-image-preview":"max-image-preview:large","max-video-preview":"max-video-preview:-1"},"canonical":"https:\/\/pruszkowski.tech\/index.php\/przeglad-pomp-ciepla\/","og_locale":"pl_PL","og_type":"article","og_title":"Przegl\u0105d pomp ciep\u0142a \u2013 gwarancja sprawno\u015bci i bezpiecze\u0144stwa systemu - Pompy Ciep\u0142a | Gruntowe i powietrzne | Konrad Pruszkowski","og_description":"Przegl\u0105d pompy ciep\u0142a w Warszawie i okolicach. Sprawd\u017a sprawno\u015b\u0107 swojego systemu grzewczego \u2013 szybka diagnoza, profesjonalna obs\u0142uga.","og_url":"https:\/\/pruszkowski.tech\/index.php\/przeglad-pomp-ciepla\/","og_site_name":"Pompy Ciep\u0142a | Gruntowe i powietrzne | Konrad Pruszkowski","article_publisher":"https:\/\/www.facebook.com\/KonecoPompyCieplaiKlimatyzacja","article_modified_time":"2025-05-23T10:49:02+00:00","twitter_card":"summary_large_image","twitter_misc":{"Szacowany czas czytania":"2 minuty"},"schema":{"@context":"https:\/\/schema.org","@graph":[{"@type":"WebPage","@id":"https:\/\/pruszkowski.tech\/index.php\/przeglad-pomp-ciepla\/","url":"https:\/\/pruszkowski.tech\/index.php\/przeglad-pomp-ciepla\/","name":"Przegl\u0105d pomp ciep\u0142a \u2013 gwarancja sprawno\u015bci i bezpiecze\u0144stwa systemu - Pompy Ciep\u0142a | Gruntowe i powietrzne | Konrad Pruszkowski","isPartOf":{"@id":"https:\/\/pruszkowski.tech\/#website"},"datePublished":"2023-04-15T12:23:10+00:00","dateModified":"2025-05-23T10:49:02+00:00","description":"Przegl\u0105d pompy ciep\u0142a w Warszawie i okolicach. Sprawd\u017a sprawno\u015b\u0107 swojego systemu grzewczego \u2013 szybka diagnoza, profesjonalna obs\u0142uga.","breadcrumb":{"@id":"https:\/\/pruszkowski.tech\/index.php\/przeglad-pomp-ciepla\/#breadcrumb"},"inLanguage":"pl-PL","potentialAction":[{"@type":"ReadAction","target":["https:\/\/pruszkowski.tech\/index.php\/przeglad-pomp-ciepla\/"]}]},{"@type":"BreadcrumbList","@id":"https:\/\/pruszkowski.tech\/index.php\/przeglad-pomp-ciepla\/#breadcrumb","itemListElement":[{"@type":"ListItem","position":1,"name":"Strona g\u0142\u00f3wna","item":"https:\/\/pruszkowski.tech\/"},{"@type":"ListItem","position":2,"name":"Przegl\u0105d Pomp Ciep\u0142a"}]},{"@type":"WebSite","@id":"https:\/\/pruszkowski.tech\/#website","url":"https:\/\/pruszkowski.tech\/","name":"Pompy Ciep\u0142a | Gruntowe i powietrzne | Konrad Pruszkowski","description":"www.pruszkowski.tech","publisher":{"@id":"https:\/\/pruszkowski.tech\/#organization"},"potentialAction":[{"@type":"SearchAction","target":{"@type":"EntryPoint","urlTemplate":"https:\/\/pruszkowski.tech\/?s={search_term_string}"},"query-input":{"@type":"PropertyValueSpecification","valueRequired":true,"valueName":"search_term_string"}}],"inLanguage":"pl-PL"},{"@type":"Organization","@id":"https:\/\/pruszkowski.tech\/#organization","name":"Konrad Pruszkowski","url":"https:\/\/pruszkowski.tech\/","logo":{"@type":"ImageObject","inLanguage":"pl-PL","@id":"https:\/\/pruszkowski.tech\/#\/schema\/logo\/image\/","url":"https:\/\/pruszkowski.tech\/wp-content\/uploads\/2023\/03\/new-1.png","contentUrl":"https:\/\/pruszkowski.tech\/wp-content\/uploads\/2023\/03\/new-1.png","width":1293,"height":301,"caption":"Konrad Pruszkowski"},"image":{"@id":"https:\/\/pruszkowski.tech\/#\/schema\/logo\/image\/"},"sameAs":["https:\/\/www.facebook.com\/KonecoPompyCieplaiKlimatyzacja"]}]}},"_links":{"self":[{"href":"https:\/\/pruszkowski.tech\/index.php\/wp-json\/wp\/v2\/pages\/1696","targetHints":{"allow":["GET"]}}],"collection":[{"href":"https:\/\/pruszkowski.tech\/index.php\/wp-json\/wp\/v2\/pages"}],"about":[{"href":"https:\/\/pruszkowski.tech\/index.php\/wp-json\/wp\/v2\/types\/page"}],"author":[{"embeddable":true,"href":"https:\/\/pruszkowski.tech\/index.php\/wp-json\/wp\/v2\/users\/1"}],"replies":[{"embeddable":true,"href":"https:\/\/pruszkowski.tech\/index.php\/wp-json\/wp\/v2\/comments?post=1696"}],"version-history":[{"count":6,"href":"https:\/\/pruszkowski.tech\/index.php\/wp-json\/wp\/v2\/pages\/1696\/revisions"}],"predecessor-version":[{"id":3761,"href":"https:\/\/pruszkowski.tech\/index.php\/wp-json\/wp\/v2\/pages\/1696\/revisions\/3761"}],"wp:attachment":[{"href":"https:\/\/pruszkowski.tech\/index.php\/wp-json\/wp\/v2\/media?parent=1696"}],"curies":[{"name":"wp","href":"https:\/\/api.w.org\/{rel}","templated":true}]}}