{"id":904,"date":"2023-03-21T10:38:16","date_gmt":"2023-03-21T10:38:16","guid":{"rendered":"https:\/\/pruszkowski.tech\/?page_id=904"},"modified":"2025-05-23T10:28:21","modified_gmt":"2025-05-23T10:28:21","slug":"blog","status":"publish","type":"page","link":"https:\/\/pruszkowski.tech\/index.php\/blog\/","title":{"rendered":"Blog"},"content":{"rendered":"\t\t<div data-elementor-type=\"wp-page\" data-elementor-id=\"904\" class=\"elementor elementor-904\">\n\t\t\t\t\t\t<section class=\"elementor-section elementor-top-section elementor-element elementor-element-c629367 elementor-section-boxed elementor-section-height-default elementor-section-height-default\" data-id=\"c629367\" data-element_type=\"section\" data-e-type=\"section\" data-settings=\"{&quot;background_background&quot;:&quot;classic&quot;}\">\n\t\t\t\t\t\t\t<div class=\"elementor-background-overlay\"><\/div>\n\t\t\t\t\t\t\t<div class=\"elementor-container elementor-column-gap-default\">\n\t\t\t\t\t<div class=\"elementor-column elementor-col-66 elementor-top-column elementor-element elementor-element-ab1a452\" data-id=\"ab1a452\" data-element_type=\"column\" data-e-type=\"column\" data-settings=\"{&quot;background_background&quot;:&quot;classic&quot;}\">\n\t\t\t<div class=\"elementor-widget-wrap elementor-element-populated\">\n\t\t\t\t\t\t<div class=\"elementor-element elementor-element-2bd2293 elementor-position-left elementor-vertical-align-top elementor-widget elementor-widget-image-box\" data-id=\"2bd2293\" data-element_type=\"widget\" data-e-type=\"widget\" data-widget_type=\"image-box.default\">\n\t\t\t\t<div class=\"elementor-widget-container\">\n\t\t\t\t\t<div class=\"elementor-image-box-wrapper\"><figure class=\"elementor-image-box-img\"><a href=\"https:\/\/pruszkowski.tech\/index.php\/2023\/03\/21\/pompa-ciepla-zasady-dzialania-wady-zalety\/\" tabindex=\"-1\"><img fetchpriority=\"high\" decoding=\"async\" width=\"612\" height=\"445\" src=\"https:\/\/pruszkowski.tech\/wp-content\/uploads\/2023\/03\/pompa-ciepla.jpg\" class=\"attachment-2048x2048 size-2048x2048 wp-image-986\" alt=\"pompa ciepla gruntowa powietrzna montaz naprawa serwis\" srcset=\"https:\/\/pruszkowski.tech\/wp-content\/uploads\/2023\/03\/pompa-ciepla.jpg 612w, https:\/\/pruszkowski.tech\/wp-content\/uploads\/2023\/03\/pompa-ciepla-600x436.jpg 600w, https:\/\/pruszkowski.tech\/wp-content\/uploads\/2023\/03\/pompa-ciepla-300x218.jpg 300w\" sizes=\"(max-width: 612px) 100vw, 612px\" \/><\/a><\/figure><div class=\"elementor-image-box-content\"><h2 class=\"elementor-image-box-title\"><a href=\"https:\/\/pruszkowski.tech\/index.php\/2023\/03\/21\/pompa-ciepla-zasady-dzialania-wady-zalety\/\">Pompa ciep\u0142a - Zasady dzia\u0142ania<\/a><\/h2><p class=\"elementor-image-box-description\">Pompy ciep\u0142a to urz\u0105dzenia, kt\u00f3re w dzisiejszych czasach zyskuj\u0105 coraz wi\u0119ksz\u0105 popularno\u015b\u0107, poniewa\u017c pozwalaj\u0105 na efektywne.....\n<br> <br>\n\n<a href=\"https:\/\/pruszkowski.tech\/index.php\/2023\/03\/21\/pompa-ciepla-zasady-dzialania-wady-zalety\/\" class=\"elementor-button-link elementor-button elementor-size-sm\" role=\"button\">\n\t\t\t\t\t\t<span class=\"elementor-button-content-wrapper\">\n\t\t\t\t\t\t<span class=\"elementor-button-text\">Czytaj<\/span>\n\t\t<\/span>\n\t\t\t\t\t<\/a><\/p><\/div><\/div>\t\t\t\t<\/div>\n\t\t\t\t<\/div>\n\t\t\t\t\t<\/div>\n\t\t<\/div>\n\t\t\t\t<div class=\"elementor-column elementor-col-33 elementor-top-column elementor-element elementor-element-cc5da5e\" data-id=\"cc5da5e\" data-element_type=\"column\" data-e-type=\"column\">\n\t\t\t<div class=\"elementor-widget-wrap\">\n\t\t\t\t\t\t\t<\/div>\n\t\t<\/div>\n\t\t\t\t\t<\/div>\n\t\t<\/section>\n\t\t\t\t<\/div>\n\t\t","protected":false},"excerpt":{"rendered":"<p>Pompa ciep\u0142a &#8211; Zasady dzia\u0142ania Pompy ciep\u0142a to urz\u0105dzenia, kt\u00f3re w dzisiejszych czasach zyskuj\u0105 coraz wi\u0119ksz\u0105 popularno\u015b\u0107, poniewa\u017c pozwalaj\u0105 na efektywne&#8230;.. Czytaj<\/p>\n","protected":false},"author":1,"featured_media":0,"parent":0,"menu_order":0,"comment_status":"closed","ping_status":"closed","template":"","meta":{"site-sidebar-layout":"no-sidebar","site-content-layout":"page-builder","ast-site-content-layout":"default","site-content-style":"default","site-sidebar-style":"default","ast-global-header-display":"","ast-banner-title-visibility":"","ast-main-header-display":"","ast-hfb-above-header-display":"","ast-hfb-below-header-display":"","ast-hfb-mobile-header-display":"","site-post-title":"disabled","ast-breadcrumbs-content":"","ast-featured-img":"disabled","footer-sml-layout":"","ast-disable-related-posts":"","theme-transparent-header-meta":"","adv-header-id-meta":"","stick-header-meta":"","header-above-stick-meta":"","header-main-stick-meta":"","header-below-stick-meta":"","astra-migrate-meta-layouts":"default","ast-page-background-enabled":"default","ast-page-background-meta":{"desktop":{"background-color":"var(--ast-global-color-4)","background-image":"","background-repeat":"repeat","background-position":"center center","background-size":"auto","background-attachment":"scroll","background-type":"","background-media":"","overlay-type":"","overlay-color":"","overlay-opacity":"","overlay-gradient":""},"tablet":{"background-color":"","background-image":"","background-repeat":"repeat","background-position":"center center","background-size":"auto","background-attachment":"scroll","background-type":"","background-media":"","overlay-type":"","overlay-color":"","overlay-opacity":"","overlay-gradient":""},"mobile":{"background-color":"","background-image":"","background-repeat":"repeat","background-position":"center center","background-size":"auto","background-attachment":"scroll","background-type":"","background-media":"","overlay-type":"","overlay-color":"","overlay-opacity":"","overlay-gradient":""}},"ast-content-background-meta":{"desktop":{"background-color":"var(--ast-global-color-5)","background-image":"","background-repeat":"repeat","background-position":"center center","background-size":"auto","background-attachment":"scroll","background-type":"","background-media":"","overlay-type":"","overlay-color":"","overlay-opacity":"","overlay-gradient":""},"tablet":{"background-color":"var(--ast-global-color-5)","background-image":"","background-repeat":"repeat","background-position":"center center","background-size":"auto","background-attachment":"scroll","background-type":"","background-media":"","overlay-type":"","overlay-color":"","overlay-opacity":"","overlay-gradient":""},"mobile":{"background-color":"var(--ast-global-color-5)","background-image":"","background-repeat":"repeat","background-position":"center center","background-size":"auto","background-attachment":"scroll","background-type":"","background-media":"","overlay-type":"","overlay-color":"","overlay-opacity":"","overlay-gradient":""}},"footnotes":""},"class_list":["post-904","page","type-page","status-publish","hentry"],"yoast_head":"<!-- This site is optimized with the Yoast SEO plugin v27.0 - https:\/\/yoast.com\/product\/yoast-seo-wordpress\/ -->\n<title>Blog. Pompy ciep\u0142a \ud83d\udc49 Pe\u0142ny serwis urz\u0105dze\u0144<\/title>\n<meta name=\"description\" content=\"Kompendium wiedzy o pompach ciep\u0142a \ud83d\udc49 Najwa\u017cniejsze informacje dla u\u017cytkownik\u00f3w\" \/>\n<meta name=\"robots\" content=\"index, follow, max-snippet:-1, max-image-preview:large, max-video-preview:-1\" \/>\n<link rel=\"canonical\" href=\"https:\/\/pruszkowski.tech\/index.php\/blog\/\" \/>\n<meta property=\"og:locale\" content=\"pl_PL\" \/>\n<meta property=\"og:type\" content=\"article\" \/>\n<meta property=\"og:title\" content=\"Blog. Pompy ciep\u0142a \ud83d\udc49 Pe\u0142ny serwis urz\u0105dze\u0144\" \/>\n<meta property=\"og:description\" content=\"Kompendium wiedzy o pompach ciep\u0142a \ud83d\udc49 Najwa\u017cniejsze informacje dla u\u017cytkownik\u00f3w\" \/>\n<meta property=\"og:url\" content=\"https:\/\/pruszkowski.tech\/index.php\/blog\/\" \/>\n<meta property=\"og:site_name\" content=\"Pompy Ciep\u0142a | Gruntowe i powietrzne | Konrad Pruszkowski\" \/>\n<meta property=\"article:publisher\" content=\"https:\/\/www.facebook.com\/KonecoPompyCieplaiKlimatyzacja\" \/>\n<meta property=\"article:modified_time\" content=\"2025-05-23T10:28:21+00:00\" \/>\n<meta property=\"og:image\" content=\"https:\/\/pruszkowski.tech\/wp-content\/uploads\/2023\/03\/pompa-ciepla.jpg\" \/>\n<meta name=\"twitter:card\" content=\"summary_large_image\" \/>\n<meta name=\"twitter:label1\" content=\"Szacowany czas czytania\" \/>\n\t<meta name=\"twitter:data1\" content=\"1 minuta\" \/>\n<script type=\"application\/ld+json\" class=\"yoast-schema-graph\">{\"@context\":\"https:\/\/schema.org\",\"@graph\":[{\"@type\":\"WebPage\",\"@id\":\"https:\/\/pruszkowski.tech\/index.php\/blog\/\",\"url\":\"https:\/\/pruszkowski.tech\/index.php\/blog\/\",\"name\":\"Blog. Pompy ciep\u0142a \ud83d\udc49 Pe\u0142ny serwis urz\u0105dze\u0144\",\"isPartOf\":{\"@id\":\"https:\/\/pruszkowski.tech\/#website\"},\"primaryImageOfPage\":{\"@id\":\"https:\/\/pruszkowski.tech\/index.php\/blog\/#primaryimage\"},\"image\":{\"@id\":\"https:\/\/pruszkowski.tech\/index.php\/blog\/#primaryimage\"},\"thumbnailUrl\":\"https:\/\/pruszkowski.tech\/wp-content\/uploads\/2023\/03\/pompa-ciepla.jpg\",\"datePublished\":\"2023-03-21T10:38:16+00:00\",\"dateModified\":\"2025-05-23T10:28:21+00:00\",\"description\":\"Kompendium wiedzy o pompach ciep\u0142a \ud83d\udc49 Najwa\u017cniejsze informacje dla u\u017cytkownik\u00f3w\",\"breadcrumb\":{\"@id\":\"https:\/\/pruszkowski.tech\/index.php\/blog\/#breadcrumb\"},\"inLanguage\":\"pl-PL\",\"potentialAction\":[{\"@type\":\"ReadAction\",\"target\":[\"https:\/\/pruszkowski.tech\/index.php\/blog\/\"]}]},{\"@type\":\"ImageObject\",\"inLanguage\":\"pl-PL\",\"@id\":\"https:\/\/pruszkowski.tech\/index.php\/blog\/#primaryimage\",\"url\":\"https:\/\/pruszkowski.tech\/wp-content\/uploads\/2023\/03\/pompa-ciepla.jpg\",\"contentUrl\":\"https:\/\/pruszkowski.tech\/wp-content\/uploads\/2023\/03\/pompa-ciepla.jpg\",\"width\":612,\"height\":445,\"caption\":\"pompa ciepla gruntowa powietrzna montaz naprawa serwis\"},{\"@type\":\"BreadcrumbList\",\"@id\":\"https:\/\/pruszkowski.tech\/index.php\/blog\/#breadcrumb\",\"itemListElement\":[{\"@type\":\"ListItem\",\"position\":1,\"name\":\"Strona g\u0142\u00f3wna\",\"item\":\"https:\/\/pruszkowski.tech\/\"},{\"@type\":\"ListItem\",\"position\":2,\"name\":\"Blog\"}]},{\"@type\":\"WebSite\",\"@id\":\"https:\/\/pruszkowski.tech\/#website\",\"url\":\"https:\/\/pruszkowski.tech\/\",\"name\":\"Pompy Ciep\u0142a | Gruntowe i powietrzne | Konrad Pruszkowski\",\"description\":\"www.pruszkowski.tech\",\"publisher\":{\"@id\":\"https:\/\/pruszkowski.tech\/#organization\"},\"potentialAction\":[{\"@type\":\"SearchAction\",\"target\":{\"@type\":\"EntryPoint\",\"urlTemplate\":\"https:\/\/pruszkowski.tech\/?s={search_term_string}\"},\"query-input\":{\"@type\":\"PropertyValueSpecification\",\"valueRequired\":true,\"valueName\":\"search_term_string\"}}],\"inLanguage\":\"pl-PL\"},{\"@type\":\"Organization\",\"@id\":\"https:\/\/pruszkowski.tech\/#organization\",\"name\":\"Konrad Pruszkowski\",\"url\":\"https:\/\/pruszkowski.tech\/\",\"logo\":{\"@type\":\"ImageObject\",\"inLanguage\":\"pl-PL\",\"@id\":\"https:\/\/pruszkowski.tech\/#\/schema\/logo\/image\/\",\"url\":\"https:\/\/pruszkowski.tech\/wp-content\/uploads\/2023\/03\/new-1.png\",\"contentUrl\":\"https:\/\/pruszkowski.tech\/wp-content\/uploads\/2023\/03\/new-1.png\",\"width\":1293,\"height\":301,\"caption\":\"Konrad Pruszkowski\"},\"image\":{\"@id\":\"https:\/\/pruszkowski.tech\/#\/schema\/logo\/image\/\"},\"sameAs\":[\"https:\/\/www.facebook.com\/KonecoPompyCieplaiKlimatyzacja\"]}]}<\/script>\n<!-- \/ Yoast SEO plugin. -->","yoast_head_json":{"title":"Blog. Pompy ciep\u0142a \ud83d\udc49 Pe\u0142ny serwis urz\u0105dze\u0144","description":"Kompendium wiedzy o pompach ciep\u0142a \ud83d\udc49 Najwa\u017cniejsze informacje dla u\u017cytkownik\u00f3w","robots":{"index":"index","follow":"follow","max-snippet":"max-snippet:-1","max-image-preview":"max-image-preview:large","max-video-preview":"max-video-preview:-1"},"canonical":"https:\/\/pruszkowski.tech\/index.php\/blog\/","og_locale":"pl_PL","og_type":"article","og_title":"Blog. Pompy ciep\u0142a \ud83d\udc49 Pe\u0142ny serwis urz\u0105dze\u0144","og_description":"Kompendium wiedzy o pompach ciep\u0142a \ud83d\udc49 Najwa\u017cniejsze informacje dla u\u017cytkownik\u00f3w","og_url":"https:\/\/pruszkowski.tech\/index.php\/blog\/","og_site_name":"Pompy Ciep\u0142a | Gruntowe i powietrzne | Konrad Pruszkowski","article_publisher":"https:\/\/www.facebook.com\/KonecoPompyCieplaiKlimatyzacja","article_modified_time":"2025-05-23T10:28:21+00:00","og_image":[{"url":"https:\/\/pruszkowski.tech\/wp-content\/uploads\/2023\/03\/pompa-ciepla.jpg","type":"","width":"","height":""}],"twitter_card":"summary_large_image","twitter_misc":{"Szacowany czas czytania":"1 minuta"},"schema":{"@context":"https:\/\/schema.org","@graph":[{"@type":"WebPage","@id":"https:\/\/pruszkowski.tech\/index.php\/blog\/","url":"https:\/\/pruszkowski.tech\/index.php\/blog\/","name":"Blog. Pompy ciep\u0142a \ud83d\udc49 Pe\u0142ny serwis urz\u0105dze\u0144","isPartOf":{"@id":"https:\/\/pruszkowski.tech\/#website"},"primaryImageOfPage":{"@id":"https:\/\/pruszkowski.tech\/index.php\/blog\/#primaryimage"},"image":{"@id":"https:\/\/pruszkowski.tech\/index.php\/blog\/#primaryimage"},"thumbnailUrl":"https:\/\/pruszkowski.tech\/wp-content\/uploads\/2023\/03\/pompa-ciepla.jpg","datePublished":"2023-03-21T10:38:16+00:00","dateModified":"2025-05-23T10:28:21+00:00","description":"Kompendium wiedzy o pompach ciep\u0142a \ud83d\udc49 Najwa\u017cniejsze informacje dla u\u017cytkownik\u00f3w","breadcrumb":{"@id":"https:\/\/pruszkowski.tech\/index.php\/blog\/#breadcrumb"},"inLanguage":"pl-PL","potentialAction":[{"@type":"ReadAction","target":["https:\/\/pruszkowski.tech\/index.php\/blog\/"]}]},{"@type":"ImageObject","inLanguage":"pl-PL","@id":"https:\/\/pruszkowski.tech\/index.php\/blog\/#primaryimage","url":"https:\/\/pruszkowski.tech\/wp-content\/uploads\/2023\/03\/pompa-ciepla.jpg","contentUrl":"https:\/\/pruszkowski.tech\/wp-content\/uploads\/2023\/03\/pompa-ciepla.jpg","width":612,"height":445,"caption":"pompa ciepla gruntowa powietrzna montaz naprawa serwis"},{"@type":"BreadcrumbList","@id":"https:\/\/pruszkowski.tech\/index.php\/blog\/#breadcrumb","itemListElement":[{"@type":"ListItem","position":1,"name":"Strona g\u0142\u00f3wna","item":"https:\/\/pruszkowski.tech\/"},{"@type":"ListItem","position":2,"name":"Blog"}]},{"@type":"WebSite","@id":"https:\/\/pruszkowski.tech\/#website","url":"https:\/\/pruszkowski.tech\/","name":"Pompy Ciep\u0142a | Gruntowe i powietrzne | Konrad Pruszkowski","description":"www.pruszkowski.tech","publisher":{"@id":"https:\/\/pruszkowski.tech\/#organization"},"potentialAction":[{"@type":"SearchAction","target":{"@type":"EntryPoint","urlTemplate":"https:\/\/pruszkowski.tech\/?s={search_term_string}"},"query-input":{"@type":"PropertyValueSpecification","valueRequired":true,"valueName":"search_term_string"}}],"inLanguage":"pl-PL"},{"@type":"Organization","@id":"https:\/\/pruszkowski.tech\/#organization","name":"Konrad Pruszkowski","url":"https:\/\/pruszkowski.tech\/","logo":{"@type":"ImageObject","inLanguage":"pl-PL","@id":"https:\/\/pruszkowski.tech\/#\/schema\/logo\/image\/","url":"https:\/\/pruszkowski.tech\/wp-content\/uploads\/2023\/03\/new-1.png","contentUrl":"https:\/\/pruszkowski.tech\/wp-content\/uploads\/2023\/03\/new-1.png","width":1293,"height":301,"caption":"Konrad Pruszkowski"},"image":{"@id":"https:\/\/pruszkowski.tech\/#\/schema\/logo\/image\/"},"sameAs":["https:\/\/www.facebook.com\/KonecoPompyCieplaiKlimatyzacja"]}]}},"_links":{"self":[{"href":"https:\/\/pruszkowski.tech\/index.php\/wp-json\/wp\/v2\/pages\/904","targetHints":{"allow":["GET"]}}],"collection":[{"href":"https:\/\/pruszkowski.tech\/index.php\/wp-json\/wp\/v2\/pages"}],"about":[{"href":"https:\/\/pruszkowski.tech\/index.php\/wp-json\/wp\/v2\/types\/page"}],"author":[{"embeddable":true,"href":"https:\/\/pruszkowski.tech\/index.php\/wp-json\/wp\/v2\/users\/1"}],"replies":[{"embeddable":true,"href":"https:\/\/pruszkowski.tech\/index.php\/wp-json\/wp\/v2\/comments?post=904"}],"version-history":[{"count":3,"href":"https:\/\/pruszkowski.tech\/index.php\/wp-json\/wp\/v2\/pages\/904\/revisions"}],"predecessor-version":[{"id":3748,"href":"https:\/\/pruszkowski.tech\/index.php\/wp-json\/wp\/v2\/pages\/904\/revisions\/3748"}],"wp:attachment":[{"href":"https:\/\/pruszkowski.tech\/index.php\/wp-json\/wp\/v2\/media?parent=904"}],"curies":[{"name":"wp","href":"https:\/\/api.w.org\/{rel}","templated":true}]}}